{"id":228,"date":"2023-03-07T17:39:10","date_gmt":"2023-03-07T17:39:10","guid":{"rendered":"https:\/\/riadjolie.com\/fr\/?page_id=228"},"modified":"2023-03-07T17:43:36","modified_gmt":"2023-03-07T17:43:36","slug":"services-et-activites","status":"publish","type":"page","link":"https:\/\/riadjolie.com\/fr\/services-et-activites\/","title":{"rendered":"Services et activit\u00e9s"},"content":{"rendered":"\t\t<div data-elementor-type=\"wp-page\" data-elementor-id=\"228\" class=\"elementor elementor-228\">\n\t\t\t\t\t\t<section class=\"elementor-section elementor-top-section elementor-element elementor-element-1bb365aa elementor-section-full_width elementor-section-height-min-height elementor-section-height-default elementor-section-items-middle\" data-id=\"1bb365aa\" data-element_type=\"section\" data-settings=\"{&quot;background_background&quot;:&quot;classic&quot;}\">\n\t\t\t\t\t\t\t<div class=\"elementor-background-overlay\"><\/div>\n\t\t\t\t\t\t\t<div class=\"elementor-container elementor-column-gap-default\">\n\t\t\t\t\t<div class=\"elementor-column elementor-col-100 elementor-top-column elementor-element elementor-element-3366de16\" data-id=\"3366de16\" data-element_type=\"column\">\n\t\t\t<div class=\"elementor-widget-wrap elementor-element-populated\">\n\t\t\t\t\t\t<div class=\"elementor-element elementor-element-456366ff elementor-widget elementor-widget-heading\" data-id=\"456366ff\" data-element_type=\"widget\" data-widget_type=\"heading.default\">\n\t\t\t\t<div class=\"elementor-widget-container\">\n\t\t\t<h2 class=\"elementor-heading-title elementor-size-default\">Services et activit\u00e9s<\/h2>\t\t<\/div>\n\t\t\t\t<\/div>\n\t\t\t\t\t<\/div>\n\t\t<\/div>\n\t\t\t\t\t<\/div>\n\t\t<\/section>\n\t\t\t\t<section class=\"elementor-section elementor-top-section elementor-element elementor-element-3e6a03c1 elementor-section-boxed elementor-section-height-default elementor-section-height-default\" data-id=\"3e6a03c1\" data-element_type=\"section\">\n\t\t\t\t\t\t<div class=\"elementor-container elementor-column-gap-default\">\n\t\t\t\t\t<div class=\"elementor-column elementor-col-100 elementor-top-column elementor-element elementor-element-39999547\" data-id=\"39999547\" data-element_type=\"column\">\n\t\t\t<div class=\"elementor-widget-wrap elementor-element-populated\">\n\t\t\t\t\t\t<div class=\"elementor-element elementor-element-43266476 elementor-widget elementor-widget-text-editor\" data-id=\"43266476\" data-element_type=\"widget\" data-widget_type=\"text-editor.default\">\n\t\t\t\t<div class=\"elementor-widget-container\">\n\t\t\t\t\t\t\t<p>Riad Jolie Marrakech organise des visites guid\u00e9es culturelles pour se promener dans les rues \u00e9troites de l&rsquo;ancienne m\u00e9dina et d\u00e9couvrir l&rsquo;histoire ancienne du Maroc et la riche culture de Marrakech. Marrakech est une ville connue pour sa richesse culturelle et historique, avec sa m\u00e9dina anim\u00e9e, son artisanat et sa gastronomie r\u00e9put\u00e9e. Malgr\u00e9 le rythme rapide de la vie moderne, la M\u00e9dina reste ancienne et authentique, avec des centaines de petites boutiques qui travaillent en \u00e9troite collaboration.<\/p>\t\t\t\t\t\t<\/div>\n\t\t\t\t<\/div>\n\t\t\t\t\t<\/div>\n\t\t<\/div>\n\t\t\t\t\t<\/div>\n\t\t<\/section>\n\t\t\t\t<section class=\"elementor-section elementor-top-section elementor-element elementor-element-38c775e5 elementor-section-boxed elementor-section-height-default elementor-section-height-default\" data-id=\"38c775e5\" data-element_type=\"section\">\n\t\t\t\t\t\t<div class=\"elementor-container elementor-column-gap-default\">\n\t\t\t\t\t<div class=\"elementor-column elementor-col-33 elementor-top-column elementor-element elementor-element-6f564e6\" data-id=\"6f564e6\" data-element_type=\"column\">\n\t\t\t<div class=\"elementor-widget-wrap elementor-element-populated\">\n\t\t\t\t\t\t<div class=\"elementor-element elementor-element-f7ded1b elementor-view-default elementor-position-top elementor-mobile-position-top elementor-widget elementor-widget-icon-box\" data-id=\"f7ded1b\" data-element_type=\"widget\" data-widget_type=\"icon-box.default\">\n\t\t\t\t<div class=\"elementor-widget-container\">\n\t\t\t\t\t<div class=\"elementor-icon-box-wrapper\">\n\t\t\t\t\t\t<div class=\"elementor-icon-box-icon\">\n\t\t\t\t<span  class=\"elementor-icon elementor-animation-\">\n\t\t\t\t<i aria-hidden=\"true\" class=\"fas fa-map-marked\"><\/i>\t\t\t\t<\/span>\n\t\t\t<\/div>\n\t\t\t\t\t\t<div class=\"elementor-icon-box-content\">\n\t\t\t\t<h3 class=\"elementor-icon-box-title\">\n\t\t\t\t\t<span  >\n\t\t\t\t\t\tGuide de Marrakech :\t\t\t\t\t<\/span>\n\t\t\t\t<\/h3>\n\t\t\t\t\t\t\t\t\t<p class=\"elementor-icon-box-description\">\n\t\t\t\t\t\tLe Riad Jolie propose les excursions les plus divertissantes et les plus instructives, avec des chauffeurs professionnels et des guides exp\u00e9riment\u00e9s et passionn\u00e9s, pour vous d\u00e9voiler des secrets cach\u00e9s et vous permettre de mieux comprendre la magie de Marrakech, l'une des plus anciennes villes du Maroc.\t\t\t\t\t<\/p>\n\t\t\t\t\t\t\t<\/div>\n\t\t<\/div>\n\t\t\t\t<\/div>\n\t\t\t\t<\/div>\n\t\t\t\t\t<\/div>\n\t\t<\/div>\n\t\t\t\t<div class=\"elementor-column elementor-col-33 elementor-top-column elementor-element elementor-element-17ab2501\" data-id=\"17ab2501\" data-element_type=\"column\">\n\t\t\t<div class=\"elementor-widget-wrap elementor-element-populated\">\n\t\t\t\t\t\t<div class=\"elementor-element elementor-element-488a5ef6 elementor-view-default elementor-position-top elementor-mobile-position-top elementor-widget elementor-widget-icon-box\" data-id=\"488a5ef6\" data-element_type=\"widget\" data-widget_type=\"icon-box.default\">\n\t\t\t\t<div class=\"elementor-widget-container\">\n\t\t\t\t\t<div class=\"elementor-icon-box-wrapper\">\n\t\t\t\t\t\t<div class=\"elementor-icon-box-icon\">\n\t\t\t\t<span  class=\"elementor-icon elementor-animation-\">\n\t\t\t\t<i aria-hidden=\"true\" class=\"th-trip travelpack th-trip travelpack-restaurant-dine\"><\/i>\t\t\t\t<\/span>\n\t\t\t<\/div>\n\t\t\t\t\t\t<div class=\"elementor-icon-box-content\">\n\t\t\t\t<h3 class=\"elementor-icon-box-title\">\n\t\t\t\t\t<span  >\n\t\t\t\t\t\tCours de cuisine au Riad jolie :\t\t\t\t\t<\/span>\n\t\t\t\t<\/h3>\n\t\t\t\t\t\t\t\t\t<p class=\"elementor-icon-box-description\">\n\t\t\t\t\t\tAu Riad Jolie, nous partageons une passion pour la cuisine marocaine. Passez du temps dans la cuisine avec des chefs marocains, apprenez les secrets de la c\u00e9l\u00e8bre et d\u00e9licieuse cuisine marocaine et savourez l'histoire et la culture des \u00e9pices marocaines parfum\u00e9es.\t\t\t\t\t<\/p>\n\t\t\t\t\t\t\t<\/div>\n\t\t<\/div>\n\t\t\t\t<\/div>\n\t\t\t\t<\/div>\n\t\t\t\t\t<\/div>\n\t\t<\/div>\n\t\t\t\t<div class=\"elementor-column elementor-col-33 elementor-top-column elementor-element elementor-element-5e45913b\" data-id=\"5e45913b\" data-element_type=\"column\">\n\t\t\t<div class=\"elementor-widget-wrap elementor-element-populated\">\n\t\t\t\t\t\t<div class=\"elementor-element elementor-element-6887b653 elementor-view-default elementor-position-top elementor-mobile-position-top elementor-widget elementor-widget-icon-box\" data-id=\"6887b653\" data-element_type=\"widget\" data-widget_type=\"icon-box.default\">\n\t\t\t\t<div class=\"elementor-widget-container\">\n\t\t\t\t\t<div class=\"elementor-icon-box-wrapper\">\n\t\t\t\t\t\t<div class=\"elementor-icon-box-icon\">\n\t\t\t\t<span  class=\"elementor-icon elementor-animation-\">\n\t\t\t\t<i aria-hidden=\"true\" class=\"fas fa-plane-departure\"><\/i>\t\t\t\t<\/span>\n\t\t\t<\/div>\n\t\t\t\t\t\t<div class=\"elementor-icon-box-content\">\n\t\t\t\t<h3 class=\"elementor-icon-box-title\">\n\t\t\t\t\t<span  >\n\t\t\t\t\t\tExcursions quotidiennes au d\u00e9part de Marrakech :\t\t\t\t\t<\/span>\n\t\t\t\t<\/h3>\n\t\t\t\t\t\t\t\t\t<p class=\"elementor-icon-box-description\">\n\t\t\t\t\t\tNous organisons des excursions passionnantes et des visites d'une journ\u00e9e \u00e0 travers la magnifique campagne pour d\u00e9couvrir les ruines romaines de Volubilis et le village sacr\u00e9 de Moulay Idriss, ou une randonn\u00e9e relaxante dans les magnifiques montagnes de l'Atlas pour une excursion d'une journ\u00e9e \u00e0 Chefchaouen la Bleue.\t\t\t\t\t<\/p>\n\t\t\t\t\t\t\t<\/div>\n\t\t<\/div>\n\t\t\t\t<\/div>\n\t\t\t\t<\/div>\n\t\t\t\t\t<\/div>\n\t\t<\/div>\n\t\t\t\t\t<\/div>\n\t\t<\/section>\n\t\t\t\t<section class=\"elementor-section elementor-top-section elementor-element elementor-element-3718f6fd elementor-section-boxed elementor-section-height-default elementor-section-height-default\" data-id=\"3718f6fd\" data-element_type=\"section\">\n\t\t\t\t\t\t<div class=\"elementor-container elementor-column-gap-default\">\n\t\t\t\t\t<div class=\"elementor-column elementor-col-100 elementor-top-column elementor-element elementor-element-14ab735a\" data-id=\"14ab735a\" data-element_type=\"column\">\n\t\t\t<div class=\"elementor-widget-wrap elementor-element-populated\">\n\t\t\t\t\t\t<div class=\"elementor-element elementor-element-c49c72f elementor-arrows-position-inside elementor-pagination-position-outside elementor-widget elementor-widget-image-carousel\" data-id=\"c49c72f\" data-element_type=\"widget\" data-settings=\"{&quot;navigation&quot;:&quot;both&quot;,&quot;autoplay&quot;:&quot;yes&quot;,&quot;pause_on_hover&quot;:&quot;yes&quot;,&quot;pause_on_interaction&quot;:&quot;yes&quot;,&quot;autoplay_speed&quot;:5000,&quot;infinite&quot;:&quot;yes&quot;,&quot;speed&quot;:500}\" data-widget_type=\"image-carousel.default\">\n\t\t\t\t<div class=\"elementor-widget-container\">\n\t\t\t\t\t<div class=\"elementor-image-carousel-wrapper swiper\" dir=\"ltr\">\n\t\t\t<div class=\"elementor-image-carousel swiper-wrapper\" aria-live=\"off\">\n\t\t\t\t\t\t\t\t<div class=\"swiper-slide\" role=\"group\" aria-roledescription=\"slide\" aria-label=\"1 sur 3\"><figure class=\"swiper-slide-inner\"><img decoding=\"async\" class=\"swiper-slide-image\" src=\"https:\/\/riadjolie.com\/fr\/wp-content\/uploads\/2023\/03\/morocco-1177358_1280-1-1024x686.jpg\" alt=\"Services et activit\u00e9s\" \/><\/figure><\/div><div class=\"swiper-slide\" role=\"group\" aria-roledescription=\"slide\" aria-label=\"2 sur 3\"><figure class=\"swiper-slide-inner\"><img decoding=\"async\" class=\"swiper-slide-image\" src=\"https:\/\/riadjolie.com\/fr\/wp-content\/uploads\/2023\/03\/marrakech-893639_1280-1-1024x685.jpg\" alt=\"Services et activit\u00e9s\" \/><\/figure><\/div><div class=\"swiper-slide\" role=\"group\" aria-roledescription=\"slide\" aria-label=\"3 sur 3\"><figure class=\"swiper-slide-inner\"><img decoding=\"async\" class=\"swiper-slide-image\" src=\"https:\/\/riadjolie.com\/fr\/wp-content\/uploads\/2023\/03\/marrakech-4500910_1280-1-1024x682.jpg\" alt=\"Services et activit\u00e9s\" \/><\/figure><\/div>\t\t\t<\/div>\n\t\t\t\t\t\t\t\t\t\t\t\t<div class=\"elementor-swiper-button elementor-swiper-button-prev\" role=\"button\" tabindex=\"0\">\n\t\t\t\t\t\t<i aria-hidden=\"true\" class=\"eicon-chevron-left\"><\/i>\t\t\t\t\t<\/div>\n\t\t\t\t\t<div class=\"elementor-swiper-button elementor-swiper-button-next\" role=\"button\" tabindex=\"0\">\n\t\t\t\t\t\t<i aria-hidden=\"true\" class=\"eicon-chevron-right\"><\/i>\t\t\t\t\t<\/div>\n\t\t\t\t\n\t\t\t\t\t\t\t\t\t<div class=\"swiper-pagination\"><\/div>\n\t\t\t\t\t\t\t\t\t<\/div>\n\t\t\t\t<\/div>\n\t\t\t\t<\/div>\n\t\t\t\t\t<\/div>\n\t\t<\/div>\n\t\t\t\t\t<\/div>\n\t\t<\/section>\n\t\t\t\t<section class=\"elementor-section elementor-top-section elementor-element elementor-element-5947b9ff elementor-section-boxed elementor-section-height-default elementor-section-height-default\" data-id=\"5947b9ff\" data-element_type=\"section\">\n\t\t\t\t\t\t<div class=\"elementor-container elementor-column-gap-default\">\n\t\t\t\t\t<div class=\"elementor-column elementor-col-50 elementor-top-column elementor-element elementor-element-7351ac72\" data-id=\"7351ac72\" data-element_type=\"column\">\n\t\t\t<div class=\"elementor-widget-wrap elementor-element-populated\">\n\t\t\t\t\t\t<div class=\"elementor-element elementor-element-7737ffcc elementor-widget elementor-widget-text-editor\" data-id=\"7737ffcc\" data-element_type=\"widget\" data-widget_type=\"text-editor.default\">\n\t\t\t\t<div class=\"elementor-widget-container\">\n\t\t\t\t\t\t\t<h3>Note<\/h3><p>Le Riad Jolie propose \u00e9galement des excursions d&rsquo;une journ\u00e9e pour explorer les montagnes enchanteresses du Moyen Atlas, visiter de charmants villages berb\u00e8res, se d\u00e9tendre dans les fra\u00eeches for\u00eats de c\u00e8dres en jouant avec d&rsquo;adorables petits singes, et admirer la beaut\u00e9 majestueuse des montagnes de l&rsquo;Atlas.<\/p>\t\t\t\t\t\t<\/div>\n\t\t\t\t<\/div>\n\t\t\t\t\t<\/div>\n\t\t<\/div>\n\t\t\t\t<div class=\"elementor-column elementor-col-50 elementor-top-column elementor-element elementor-element-676c6c2e\" data-id=\"676c6c2e\" data-element_type=\"column\">\n\t\t\t<div class=\"elementor-widget-wrap elementor-element-populated\">\n\t\t\t\t\t\t<div class=\"elementor-element elementor-element-7bbc359e elementor-widget elementor-widget-spacer\" data-id=\"7bbc359e\" data-element_type=\"widget\" data-widget_type=\"spacer.default\">\n\t\t\t\t<div class=\"elementor-widget-container\">\n\t\t\t\t\t<div class=\"elementor-spacer\">\n\t\t\t<div class=\"elementor-spacer-inner\"><\/div>\n\t\t<\/div>\n\t\t\t\t<\/div>\n\t\t\t\t<\/div>\n\t\t\t\t<div class=\"elementor-element elementor-element-52161ef6 elementor-align-center elementor-button-success elementor-widget elementor-widget-button\" data-id=\"52161ef6\" data-element_type=\"widget\" id=\"1\" data-widget_type=\"button.default\">\n\t\t\t\t<div class=\"elementor-widget-container\">\n\t\t\t\t\t<div class=\"elementor-button-wrapper\">\n\t\t\t<a class=\"elementor-button elementor-button-link elementor-size-sm\" href=\"https:\/\/riadjolie.com\/#1\">\n\t\t\t\t\t\t<span class=\"elementor-button-content-wrapper\">\n\t\t\t\t\t\t<span class=\"elementor-button-text\">Cliquez ici<\/span>\n\t\t<\/span>\n\t\t\t\t\t<\/a>\n\t\t<\/div>\n\t\t\t\t<\/div>\n\t\t\t\t<\/div>\n\t\t\t\t<div class=\"elementor-element elementor-element-5b377737 elementor-widget elementor-widget-spacer\" data-id=\"5b377737\" data-element_type=\"widget\" data-widget_type=\"spacer.default\">\n\t\t\t\t<div class=\"elementor-widget-container\">\n\t\t\t\t\t<div class=\"elementor-spacer\">\n\t\t\t<div class=\"elementor-spacer-inner\"><\/div>\n\t\t<\/div>\n\t\t\t\t<\/div>\n\t\t\t\t<\/div>\n\t\t\t\t\t<\/div>\n\t\t<\/div>\n\t\t\t\t\t<\/div>\n\t\t<\/section>\n\t\t\t\t<\/div>\n\t\t","protected":false},"excerpt":{"rendered":"<p>Services et activit\u00e9s Riad Jolie Marrakech organise des visites guid\u00e9es culturelles pour se promener dans les rues \u00e9troites de l&rsquo;ancienne m\u00e9dina et d\u00e9couvrir l&rsquo;histoire ancienne du Maroc et la riche culture de Marrakech. Marrakech est une ville connue pour sa &hellip; <a href=\"https:\/\/riadjolie.com\/fr\/services-et-activites\/\">Read More<\/a><\/p>\n","protected":false},"author":1,"featured_media":0,"parent":0,"menu_order":0,"comment_status":"closed","ping_status":"closed","template":"","meta":{"footnotes":""},"class_list":["post-228","page","type-page","status-publish","hentry"],"yoast_head":"<!-- This site is optimized with the Yoast SEO plugin v22.3 - https:\/\/yoast.com\/wordpress\/plugins\/seo\/ -->\n<title>Services et activit\u00e9s - Riad jolie<\/title>\n<meta name=\"robots\" content=\"index, follow, max-snippet:-1, max-image-preview:large, max-video-preview:-1\" \/>\n<link rel=\"canonical\" href=\"https:\/\/riadjolie.com\/fr\/services-et-activites\/\" \/>\n<meta property=\"og:locale\" content=\"fr_FR\" \/>\n<meta property=\"og:type\" content=\"article\" \/>\n<meta property=\"og:title\" content=\"Services et activit\u00e9s - Riad jolie\" \/>\n<meta property=\"og:description\" content=\"Services et activit\u00e9s Riad Jolie Marrakech organise des visites guid\u00e9es culturelles pour se promener dans les rues \u00e9troites de l&rsquo;ancienne m\u00e9dina et d\u00e9couvrir l&rsquo;histoire ancienne du Maroc et la riche culture de Marrakech. Marrakech est une ville connue pour sa &hellip; Read More\" \/>\n<meta property=\"og:url\" content=\"https:\/\/riadjolie.com\/fr\/services-et-activites\/\" \/>\n<meta property=\"og:site_name\" content=\"Riad jolie\" \/>\n<meta property=\"article:modified_time\" content=\"2023-03-07T17:43:36+00:00\" \/>\n<meta property=\"og:image\" content=\"https:\/\/riadjolie.com\/fr\/wp-content\/uploads\/2023\/03\/morocco-1177358_1280-1-1024x686.jpg\" \/>\n<meta name=\"twitter:card\" content=\"summary_large_image\" \/>\n<meta name=\"twitter:label1\" content=\"Dur\u00e9e de lecture estim\u00e9e\" \/>\n\t<meta name=\"twitter:data1\" content=\"4 minutes\" \/>\n<script type=\"application\/ld+json\" class=\"yoast-schema-graph\">{\"@context\":\"https:\/\/schema.org\",\"@graph\":[{\"@type\":\"WebPage\",\"@id\":\"https:\/\/riadjolie.com\/fr\/services-et-activites\/\",\"url\":\"https:\/\/riadjolie.com\/fr\/services-et-activites\/\",\"name\":\"Services et activit\u00e9s - Riad jolie\",\"isPartOf\":{\"@id\":\"https:\/\/riadjolie.com\/fr\/#website\"},\"primaryImageOfPage\":{\"@id\":\"https:\/\/riadjolie.com\/fr\/services-et-activites\/#primaryimage\"},\"image\":{\"@id\":\"https:\/\/riadjolie.com\/fr\/services-et-activites\/#primaryimage\"},\"thumbnailUrl\":\"https:\/\/riadjolie.com\/fr\/wp-content\/uploads\/2023\/03\/morocco-1177358_1280-1-1024x686.jpg\",\"datePublished\":\"2023-03-07T17:39:10+00:00\",\"dateModified\":\"2023-03-07T17:43:36+00:00\",\"breadcrumb\":{\"@id\":\"https:\/\/riadjolie.com\/fr\/services-et-activites\/#breadcrumb\"},\"inLanguage\":\"fr-FR\",\"potentialAction\":[{\"@type\":\"ReadAction\",\"target\":[\"https:\/\/riadjolie.com\/fr\/services-et-activites\/\"]}]},{\"@type\":\"ImageObject\",\"inLanguage\":\"fr-FR\",\"@id\":\"https:\/\/riadjolie.com\/fr\/services-et-activites\/#primaryimage\",\"url\":\"https:\/\/riadjolie.com\/fr\/wp-content\/uploads\/2023\/03\/morocco-1177358_1280-1.jpg\",\"contentUrl\":\"https:\/\/riadjolie.com\/fr\/wp-content\/uploads\/2023\/03\/morocco-1177358_1280-1.jpg\",\"width\":1280,\"height\":857,\"caption\":\"Services et activit\u00e9s\"},{\"@type\":\"BreadcrumbList\",\"@id\":\"https:\/\/riadjolie.com\/fr\/services-et-activites\/#breadcrumb\",\"itemListElement\":[{\"@type\":\"ListItem\",\"position\":1,\"name\":\"Accueil\",\"item\":\"https:\/\/riadjolie.com\/fr\/\"},{\"@type\":\"ListItem\",\"position\":2,\"name\":\"Services et activit\u00e9s\"}]},{\"@type\":\"WebSite\",\"@id\":\"https:\/\/riadjolie.com\/fr\/#website\",\"url\":\"https:\/\/riadjolie.com\/fr\/\",\"name\":\"Riad jolie\",\"description\":\"Hotel\",\"publisher\":{\"@id\":\"https:\/\/riadjolie.com\/fr\/#organization\"},\"potentialAction\":[{\"@type\":\"SearchAction\",\"target\":{\"@type\":\"EntryPoint\",\"urlTemplate\":\"https:\/\/riadjolie.com\/fr\/?s={search_term_string}\"},\"query-input\":\"required name=search_term_string\"}],\"inLanguage\":\"fr-FR\"},{\"@type\":\"Organization\",\"@id\":\"https:\/\/riadjolie.com\/fr\/#organization\",\"name\":\"Riad jolie\",\"url\":\"https:\/\/riadjolie.com\/fr\/\",\"logo\":{\"@type\":\"ImageObject\",\"inLanguage\":\"fr-FR\",\"@id\":\"https:\/\/riadjolie.com\/fr\/#\/schema\/logo\/image\/\",\"url\":\"https:\/\/riadjolie.com\/fr\/wp-content\/uploads\/2023\/03\/cropped-R.png\",\"contentUrl\":\"https:\/\/riadjolie.com\/fr\/wp-content\/uploads\/2023\/03\/cropped-R.png\",\"width\":500,\"height\":416,\"caption\":\"Riad jolie\"},\"image\":{\"@id\":\"https:\/\/riadjolie.com\/fr\/#\/schema\/logo\/image\/\"}}]}<\/script>\n<!-- \/ Yoast SEO plugin. -->","yoast_head_json":{"title":"Services et activit\u00e9s - Riad jolie","robots":{"index":"index","follow":"follow","max-snippet":"max-snippet:-1","max-image-preview":"max-image-preview:large","max-video-preview":"max-video-preview:-1"},"canonical":"https:\/\/riadjolie.com\/fr\/services-et-activites\/","og_locale":"fr_FR","og_type":"article","og_title":"Services et activit\u00e9s - Riad jolie","og_description":"Services et activit\u00e9s Riad Jolie Marrakech organise des visites guid\u00e9es culturelles pour se promener dans les rues \u00e9troites de l&rsquo;ancienne m\u00e9dina et d\u00e9couvrir l&rsquo;histoire ancienne du Maroc et la riche culture de Marrakech. Marrakech est une ville connue pour sa &hellip; Read More","og_url":"https:\/\/riadjolie.com\/fr\/services-et-activites\/","og_site_name":"Riad jolie","article_modified_time":"2023-03-07T17:43:36+00:00","og_image":[{"url":"https:\/\/riadjolie.com\/fr\/wp-content\/uploads\/2023\/03\/morocco-1177358_1280-1-1024x686.jpg"}],"twitter_card":"summary_large_image","twitter_misc":{"Dur\u00e9e de lecture estim\u00e9e":"4 minutes"},"schema":{"@context":"https:\/\/schema.org","@graph":[{"@type":"WebPage","@id":"https:\/\/riadjolie.com\/fr\/services-et-activites\/","url":"https:\/\/riadjolie.com\/fr\/services-et-activites\/","name":"Services et activit\u00e9s - Riad jolie","isPartOf":{"@id":"https:\/\/riadjolie.com\/fr\/#website"},"primaryImageOfPage":{"@id":"https:\/\/riadjolie.com\/fr\/services-et-activites\/#primaryimage"},"image":{"@id":"https:\/\/riadjolie.com\/fr\/services-et-activites\/#primaryimage"},"thumbnailUrl":"https:\/\/riadjolie.com\/fr\/wp-content\/uploads\/2023\/03\/morocco-1177358_1280-1-1024x686.jpg","datePublished":"2023-03-07T17:39:10+00:00","dateModified":"2023-03-07T17:43:36+00:00","breadcrumb":{"@id":"https:\/\/riadjolie.com\/fr\/services-et-activites\/#breadcrumb"},"inLanguage":"fr-FR","potentialAction":[{"@type":"ReadAction","target":["https:\/\/riadjolie.com\/fr\/services-et-activites\/"]}]},{"@type":"ImageObject","inLanguage":"fr-FR","@id":"https:\/\/riadjolie.com\/fr\/services-et-activites\/#primaryimage","url":"https:\/\/riadjolie.com\/fr\/wp-content\/uploads\/2023\/03\/morocco-1177358_1280-1.jpg","contentUrl":"https:\/\/riadjolie.com\/fr\/wp-content\/uploads\/2023\/03\/morocco-1177358_1280-1.jpg","width":1280,"height":857,"caption":"Services et activit\u00e9s"},{"@type":"BreadcrumbList","@id":"https:\/\/riadjolie.com\/fr\/services-et-activites\/#breadcrumb","itemListElement":[{"@type":"ListItem","position":1,"name":"Accueil","item":"https:\/\/riadjolie.com\/fr\/"},{"@type":"ListItem","position":2,"name":"Services et activit\u00e9s"}]},{"@type":"WebSite","@id":"https:\/\/riadjolie.com\/fr\/#website","url":"https:\/\/riadjolie.com\/fr\/","name":"Riad jolie","description":"Hotel","publisher":{"@id":"https:\/\/riadjolie.com\/fr\/#organization"},"potentialAction":[{"@type":"SearchAction","target":{"@type":"EntryPoint","urlTemplate":"https:\/\/riadjolie.com\/fr\/?s={search_term_string}"},"query-input":"required name=search_term_string"}],"inLanguage":"fr-FR"},{"@type":"Organization","@id":"https:\/\/riadjolie.com\/fr\/#organization","name":"Riad jolie","url":"https:\/\/riadjolie.com\/fr\/","logo":{"@type":"ImageObject","inLanguage":"fr-FR","@id":"https:\/\/riadjolie.com\/fr\/#\/schema\/logo\/image\/","url":"https:\/\/riadjolie.com\/fr\/wp-content\/uploads\/2023\/03\/cropped-R.png","contentUrl":"https:\/\/riadjolie.com\/fr\/wp-content\/uploads\/2023\/03\/cropped-R.png","width":500,"height":416,"caption":"Riad jolie"},"image":{"@id":"https:\/\/riadjolie.com\/fr\/#\/schema\/logo\/image\/"}}]}},"_links":{"self":[{"href":"https:\/\/riadjolie.com\/fr\/wp-json\/wp\/v2\/pages\/228","targetHints":{"allow":["GET"]}}],"collection":[{"href":"https:\/\/riadjolie.com\/fr\/wp-json\/wp\/v2\/pages"}],"about":[{"href":"https:\/\/riadjolie.com\/fr\/wp-json\/wp\/v2\/types\/page"}],"author":[{"embeddable":true,"href":"https:\/\/riadjolie.com\/fr\/wp-json\/wp\/v2\/users\/1"}],"replies":[{"embeddable":true,"href":"https:\/\/riadjolie.com\/fr\/wp-json\/wp\/v2\/comments?post=228"}],"version-history":[{"count":4,"href":"https:\/\/riadjolie.com\/fr\/wp-json\/wp\/v2\/pages\/228\/revisions"}],"predecessor-version":[{"id":233,"href":"https:\/\/riadjolie.com\/fr\/wp-json\/wp\/v2\/pages\/228\/revisions\/233"}],"wp:attachment":[{"href":"https:\/\/riadjolie.com\/fr\/wp-json\/wp\/v2\/media?parent=228"}],"curies":[{"name":"wp","href":"https:\/\/api.w.org\/{rel}","templated":true}]}}